{"id":612,"date":"2021-06-27T14:43:10","date_gmt":"2021-06-27T14:43:10","guid":{"rendered":"https:\/\/fo-education.ch\/impressum-datenschutz\/"},"modified":"2023-09-22T10:56:43","modified_gmt":"2023-09-22T10:56:43","slug":"mentions-legales-protections-des-donnees","status":"publish","type":"page","link":"https:\/\/fo-education.ch\/fr\/mentions-legales-protections-des-donnees\/","title":{"rendered":"Mentions l\u00e9gales &#038; protection des donn\u00e9es"},"content":{"rendered":"\r\n<h2 class=\"wp-block-heading\"><strong>Mentions l\u00e9gales<\/strong><\/h2>\r\n\r\n\r\n\r\n<p>fo education gmbh<br \/>T\u00e4gerhardring 8<br \/>5436 W\u00fcrenlos<\/p>\r\n\r\n\r\n\r\n<p><a href=\"tel:056 500 20 72\">056 500 20 72<br \/><\/a><a href=\"mailto:info@fo-education.ch\">info@fo-education.ch<\/a><\/p>\r\n\r\n\r\n\r\n<p>&nbsp;<\/p>\r\n<h2 class=\"wp-block-heading\"><strong>Protection des donn\u00e9es<\/strong><\/h2>\r\n<h3><strong><strong>1. Protection des donn\u00e9es en un coup d\u2019\u0153il<\/strong><\/strong><\/h3>\r\n<p><strong>Informations g\u00e9n\u00e9rales<br \/><\/strong>Les informations suivantes donnent un aper\u00e7u simple de ce qui se passe avec vos donn\u00e9es personnelles lorsque vous visitez ce site Web. Les donn\u00e9es personnelles sont toutes les donn\u00e9es avec lesquelles vous pouvez \u00eatre identifi\u00e9 personnellement. Vous trouverez des informations d\u00e9taill\u00e9es sur la protection des donn\u00e9es dans la politique de confidentialit\u00e9 r\u00e9pertori\u00e9e sous ce texte.<\/p>\r\n<p><strong>Qui est responsable de la collecte de donn\u00e9es sur ce site Web ?<br \/><\/strong>Le traitement des donn\u00e9es sur ce site Web est effectu\u00e9 par l\u2019exploitant du site Web. Vous pouvez trouver les coordonn\u00e9es de l\u2019exploitant dans les mentions l\u00e9gales de ce site Web.<\/p>\r\n<p><strong>Comment collectons-nous vos donn\u00e9es ?<br \/><\/strong>Vos donn\u00e9es sont collect\u00e9es de deux mani\u00e8res. Tout d\u2019abord, en les fournissant vous-m\u00eame. Il peut s\u2019agir, par exemple, de donn\u00e9es que vous entrez dans un formulaire de contact. D\u2019autres donn\u00e9es sont collect\u00e9es automatiquement ou apr\u00e8s votre consentement lorsque vous visitez le site Web via nos syst\u00e8mes informatiques. Il s\u2019agit principalement de donn\u00e9es techniques (par exemple, navigateur Internet, syst\u00e8me d\u2019exploitation ou heure de la visite de la page). La collecte de ces donn\u00e9es se fait automatiquement d\u00e8s que vous entrez sur ce site Web.<\/p>\r\n<p><strong>\u00c0 quoi servent vos donn\u00e9es ?<br \/><\/strong>Certaines donn\u00e9es sont collect\u00e9es pour garantir la fourniture sans erreur du site Web. D\u2019autres donn\u00e9es peuvent \u00eatre utilis\u00e9es pour analyser votre comportement en tant qu\u2019utilisateur.<\/p>\r\n<p><strong>Quels sont vos droits concernant vos donn\u00e9es ?<br \/><\/strong>Vous avez \u00e0 tout moment le droit de recevoir gratuitement des informations sur l\u2019origine, le destinataire et la finalit\u00e9 de vos donn\u00e9es personnelles stock\u00e9es. Vous avez \u00e9galement le droit de demander la correction ou la suppression de ces donn\u00e9es. Si vous avez donn\u00e9 votre consentement pour le traitement des donn\u00e9es, vous pouvez r\u00e9voquer ce consentement \u00e0 tout moment pour l\u2019avenir. De plus, dans certaines circonstances, vous avez le droit de demander la limitation du traitement de vos donn\u00e9es personnelles. Vous avez \u00e9galement le droit de d\u00e9poser une plainte aupr\u00e8s de l\u2019autorit\u00e9 de surveillance comp\u00e9tente. Pour cela, ainsi que pour d\u2019autres questions relatives \u00e0 la protection des donn\u00e9es, vous pouvez nous contacter \u00e0 tout moment \u00e0 l\u2019adresse indiqu\u00e9e dans les mentions l\u00e9gales.<\/p>\r\n<p><strong>Outils d&rsquo;analyse et outils de tiers<br \/><\/strong>Lorsque vous visitez ce site Web, votre comportement de navigation peut \u00eatre analys\u00e9 de mani\u00e8re statistique, principalement \u00e0 l\u2019aide de programmes d\u2019analyse. Des informations d\u00e9taill\u00e9es sur ces programmes d\u2019analyse sont disponibles dans la politique de confidentialit\u00e9 suivante.<\/p>\r\n<h3><strong>2. H\u00e9bergement et r\u00e9seaux de diffusion de contenu<\/strong><\/h3>\r\n<p><strong>H\u00e9bergement externe<br \/><\/strong>Ce site Web est h\u00e9berg\u00e9 par un prestataire de services externe (h\u00e9bergeur). Les donn\u00e9es personnelles collect\u00e9es sur ce site Web sont stock\u00e9es sur les serveurs de l\u2019h\u00e9bergeur. Il peut s\u2019agir notamment d\u2019adresses IP, de demandes de contact, de donn\u00e9es m\u00e9tadonn\u00e9es et de communication, de donn\u00e9es contractuelles, de coordonn\u00e9es, de noms, d\u2019acc\u00e8s au site Web et d\u2019autres donn\u00e9es g\u00e9n\u00e9r\u00e9es par le biais du site Web. <br \/>L\u2019utilisation de l\u2019h\u00e9bergeur est effectu\u00e9e dans le but d\u2019ex\u00e9cuter un contrat envers nos clients potentiels et existants (art. 6, paragraphe 1, lettre b du RGPD) et dans l\u2019int\u00e9r\u00eat de fournir notre offre en ligne de mani\u00e8re s\u00e9curis\u00e9e, rapide et efficace par l\u2019interm\u00e9diaire d\u2019un prestataire professionnel (art. 6, paragraphe 1, lettre f du RGPD). <br \/>Notre h\u00e9bergeur traitera vos donn\u00e9es uniquement dans la mesure n\u00e9cessaire pour remplir ses obligations contractuelles et suivra nos instructions concernant ces donn\u00e9es.<\/p>\r\n<p><strong>Conclusion d\u2019un contrat de traitement des donn\u00e9es<br \/><\/strong>Pour garantir le traitement conforme \u00e0 la protection des donn\u00e9es, nous avons conclu un contrat de traitement des donn\u00e9es avec notre h\u00e9bergeur.<\/p>\r\n<h3><strong>3. Informations g\u00e9n\u00e9rales et informations obligatoires<\/strong><\/h3>\r\n<p><strong>Protection des donn\u00e9es<br \/><\/strong>Les exploitants de ces pages prennent la protection de vos donn\u00e9es personnelles tr\u00e8s au s\u00e9rieux. Nous traitons vos donn\u00e9es personnelles de mani\u00e8re confidentielle et conform\u00e9ment aux dispositions l\u00e9gales sur la protection des donn\u00e9es ainsi qu\u2019\u00e0 la pr\u00e9sente politique de confidentialit\u00e9. <br \/>Lorsque vous utilisez ce site Web, diverses donn\u00e9es personnelles sont collect\u00e9es. Les donn\u00e9es personnelles sont des donn\u00e9es avec lesquelles vous pouvez \u00eatre personnellement identifi\u00e9. La pr\u00e9sente politique de confidentialit\u00e9 explique quelles donn\u00e9es nous collectons et \u00e0 quelles fins, ainsi que comment et dans quel but cela se fait. <br \/>Nous tenons \u00e0 vous informer que la transmission de donn\u00e9es sur Internet (par exemple, lors de la communication par courrier \u00e9lectronique) peut pr\u00e9senter des failles de s\u00e9curit\u00e9. Une protection compl\u00e8te des donn\u00e9es contre l\u2019acc\u00e8s par des tiers n\u2019est pas possible.<\/p>\r\n<p><strong>R\u00e9vocation de votre consentement au traitement des donn\u00e9es<br \/><\/strong>De nombreuses op\u00e9rations de traitement des donn\u00e9es ne sont possibles qu\u2019avec votre consentement explicite. Vous pouvez r\u00e9voquer un consentement d\u00e9j\u00e0 donn\u00e9 \u00e0 tout moment. La l\u00e9galit\u00e9 du traitement des donn\u00e9es effectu\u00e9 avant la r\u00e9vocation n\u2019est pas affect\u00e9e par celle-ci.<\/p>\r\n<p><strong>Droit de plainte aupr\u00e8s de l\u2019autorit\u00e9 de surveillance comp\u00e9tente<br \/><\/strong>En cas de violation du RGPD, les personnes concern\u00e9es ont le droit de d\u00e9poser une plainte aupr\u00e8s d\u2019une autorit\u00e9 de surveillance, en particulier dans l\u2019\u00c9tat membre de leur r\u00e9sidence habituelle, de leur lieu de travail ou du lieu de la pr\u00e9sum\u00e9e violation. Le droit de plainte est sans pr\u00e9judice d\u2019autres recours administratifs ou judiciaires.<\/p>\r\n<p><strong>Droit \u00e0 la portabilit\u00e9 des donn\u00e9es<br \/><\/strong>Vous avez le droit de recevoir des donn\u00e9es que nous traitons automatiquement sur la base de votre consentement ou en ex\u00e9cution d\u2019un contrat, soit \u00e0 vous-m\u00eame, soit \u00e0 un tiers dans un format lisible par machine couramment utilis\u00e9. Si vous demandez la transmission directe des donn\u00e9es \u00e0 un autre responsable du traitement, cela n\u2019est fait que dans la mesure o\u00f9 cela est techniquement possible.<\/p>\r\n<p><strong>Chiffrement SSL\/TLS<br \/><\/strong>Cette page utilise le chiffrement SSL\/TLS pour des raisons de s\u00e9curit\u00e9 et pour prot\u00e9ger la transmission de contenus confidentiels, tels que les commandes ou les demandes que vous nous envoyez en tant qu\u2019exploitant du site. Vous pouvez reconna\u00eetre une connexion chiffr\u00e9e par le fait que la ligne d\u2019adresse du navigateur passe de \u00ab http:\/\/ \u00bb \u00e0 \u00ab https:\/\/ \u00bb et par le symbole du cadenas dans la barre d\u2019adresse de votre navigateur. <br \/>Lorsque le chiffrement SSL\/TLS est activ\u00e9, les donn\u00e9es que vous transmettez ne peuvent pas \u00eatre lues par des tiers.<\/p>\r\n<p><strong>Information, suppression et correction<br \/><\/strong>Dans le cadre des dispositions l\u00e9gales en vigueur, vous avez \u00e0 tout moment le droit d\u2019obtenir gratuitement des informations sur vos donn\u00e9es personnelles stock\u00e9es, leur origine, leur destinataire et la finalit\u00e9 du traitement des donn\u00e9es, ainsi que le droit de les corriger ou de les supprimer. Pour ce faire, ainsi que pour toute autre question relative \u00e0 vos donn\u00e9es personnelles, vous pouvez nous contacter \u00e0 tout moment \u00e0 l\u2019adresse indiqu\u00e9e dans les mentions l\u00e9gales.<\/p>\r\n<p><strong>Droit \u00e0 la limitation du traitement<br \/><\/strong>Vous avez le droit de demander la limitation du traitement de vos donn\u00e9es personnelles. Pour ce faire, vous pouvez nous contacter \u00e0 tout moment \u00e0 l\u2019adresse indiqu\u00e9e dans les mentions l\u00e9gales. Le droit \u00e0 la limitation du traitement existe dans les cas suivants\u00a0:<\/p>\r\n<ul>\r\n<li>Si vous contestez l\u2019exactitude de vos donn\u00e9es personnelles que nous avons stock\u00e9es, nous aurons g\u00e9n\u00e9ralement besoin de temps pour v\u00e9rifier cela. Pendant la dur\u00e9e de la v\u00e9rification, vous avez le droit de demander la limitation du traitement de vos donn\u00e9es personnelles.<\/li>\r\n<li>Si le traitement de vos donn\u00e9es personnelles est ou a \u00e9t\u00e9 ill\u00e9gal, vous pouvez demander au lieu de la suppression la limitation du traitement des donn\u00e9es.<\/li>\r\n<li>Si nous n\u2019avons plus besoin de vos donn\u00e9es personnelles, mais que vous en avez besoin pour exercer, d\u00e9fendre ou faire valoir des droits en justice, vous avez le droit de demander la limitation du traitement de vos donn\u00e9es personnelles au lieu de leur suppression.<\/li>\r\n<li>Si vous avez fait objection en vertu de l\u2019article 21, paragraphe 1 du RGPD, un \u00e9quilibre doit \u00eatre \u00e9tabli entre vos int\u00e9r\u00eats et les n\u00f4tres. Tant que l\u2019on n\u2019a pas d\u00e9termin\u00e9 quel int\u00e9r\u00eat pr\u00e9vaut, vous avez le droit de demander la limitation du traitement de vos donn\u00e9es personnelles.<\/li>\r\n<\/ul>\r\n<p>Si vous avez limit\u00e9 le traitement de vos donn\u00e9es personnelles, ces donn\u00e9es ne peuvent \u00eatre trait\u00e9es, \u00e0 l\u2019exception de leur stockage, qu\u2019avec votre consentement ou pour l\u2019exercice, la d\u00e9fense ou la revendication de droits en justice, ou pour prot\u00e9ger les droits d\u2019une autre personne physique ou morale ou pour des motifs d\u2019int\u00e9r\u00eat public important de l\u2019Union europ\u00e9enne ou d\u2019un \u00c9tat membre.<\/p>\r\n<p><strong>Opposition aux courriers \u00e9lectroniques publicitaires<br \/><\/strong>L\u2019utilisation des coordonn\u00e9es publi\u00e9es dans le cadre des mentions l\u00e9gales pour l\u2019envoi de publicit\u00e9s et d\u2019informations non express\u00e9ment demand\u00e9es est interdite. Les exploitants du site se r\u00e9servent express\u00e9ment le droit d\u2019engager des poursuites judiciaires en cas d\u2019envoi non sollicit\u00e9 de publicit\u00e9, par exemple par courrier \u00e9lectronique (spam).<\/p>\r\n<h3><strong>4. Collecte de donn\u00e9es sur ce site Web<\/strong><\/h3>\r\n<p><strong>Cookies<br \/><\/strong>Nos pages Internet utilisent des \u00ab cookies \u00bb. Les cookies sont de petits fichiers texte qui ne causent aucun dommage \u00e0 votre appareil. Ils sont stock\u00e9s sur votre appareil soit temporairement pendant la dur\u00e9e d\u2019une session (cookies de session), soit de mani\u00e8re permanente (cookies persistants). Les cookies de session sont automatiquement supprim\u00e9s apr\u00e8s la fin de votre visite. Les cookies persistants restent stock\u00e9s sur votre appareil jusqu\u2019\u00e0 ce que vous les supprimiez vous-m\u00eame ou qu\u2019ils soient automatiquement supprim\u00e9s par votre navigateur Web. <br \/>Dans certains cas, des cookies de tiers peuvent \u00e9galement \u00eatre stock\u00e9s sur votre appareil lorsque vous acc\u00e9dez \u00e0 notre site (cookies tiers). Ils nous permettent ou vous permettent d\u2019utiliser certains services de l\u2019entreprise tierce (par exemple, des cookies pour le traitement des paiements). <br \/>Les cookies ont diff\u00e9rentes fonctions. De nombreux cookies sont techniquement n\u00e9cessaires car certaines fonctionnalit\u00e9s du site Web ne fonctionneraient pas sans eux (par exemple, la fonction de panier d\u2019achat ou la diffusion de vid\u00e9os). D\u2019autres cookies sont utilis\u00e9s pour analyser le comportement des utilisateurs ou afficher de la publicit\u00e9. <br \/>Les cookies n\u00e9cessaires \u00e0 l\u2019ex\u00e9cution de la communication \u00e9lectronique (cookies n\u00e9cessaires) ou \u00e0 la fourniture de certaines fonctionnalit\u00e9s que vous demandez (cookies fonctionnels, par exemple, pour la fonction de panier d\u2019achat) ou \u00e0 l\u2019optimisation du site Web (par exemple, les cookies de mesure d\u2019audience) sont stock\u00e9s en vertu de l\u2019art. 6, paragraphe 1, lettre f du RGPD, sauf indication contraire. L\u2019exploitant du site Web a un int\u00e9r\u00eat l\u00e9gitime \u00e0 stocker des cookies pour fournir ses services de mani\u00e8re techniquement sans erreur et optimis\u00e9e. Si un consentement pour le stockage des cookies a \u00e9t\u00e9 demand\u00e9, le stockage des cookies concern\u00e9s se fait exclusivement sur la base de ce consentement (art. 6, paragraphe 1, lettre a du RGPD) ; ce consentement peut \u00eatre r\u00e9voqu\u00e9 \u00e0 tout moment. <br \/>Vous pouvez configurer votre navigateur pour \u00eatre inform\u00e9 de la configuration des cookies et autoriser les cookies uniquement dans des cas individuels, exclure l\u2019acceptation de cookies pour certains cas ou en g\u00e9n\u00e9ral, ainsi qu\u2019activer la suppression automatique des cookies lors de la fermeture du navigateur. La d\u00e9sactivation des cookies peut entra\u00eener une limitation de la fonctionnalit\u00e9 de ce site Web. <br \/>Si des cookies sont utilis\u00e9s par des tiers ou \u00e0 des fins d\u2019analyse, nous vous en informerons s\u00e9par\u00e9ment dans le cadre de cette politique de confidentialit\u00e9 et, si n\u00e9cessaire, demanderons votre consentement.<\/p>\r\n<p><strong>Fichiers journaux du serveur<br \/><\/strong>Le fournisseur de ces pages collecte et stocke automatiquement des informations dans des fichiers journaux de serveur que votre navigateur nous transmet automatiquement. Ce sont\u00a0:<\/p>\r\n<ul>\r\n<li>Le type de navigateur et la version du navigateur<\/li>\r\n<li>Le syst\u00e8me d\u2019exploitation utilis\u00e9<\/li>\r\n<li>URL de r\u00e9f\u00e9rence<\/li>\r\n<li>Nom d\u2019h\u00f4te de l\u2019ordinateur acc\u00e9dant<\/li>\r\n<li>Heure de la demande du serveur<\/li>\r\n<li>Adresse IP<\/li>\r\n<\/ul>\r\n<p>Ces donn\u00e9es ne seront pas fusionn\u00e9es avec d\u2019autres sources de donn\u00e9es. <br \/>La collecte de ces donn\u00e9es est bas\u00e9e sur l\u2019art. 6, paragraphe 1, lettre f du RGPD. L\u2019exploitant du site Web a un int\u00e9r\u00eat l\u00e9gitime \u00e0 assurer l\u2019affichage technique sans erreur et l\u2019optimisation de son site Web \u2013 pour cela, les fichiers journaux du serveur doivent \u00eatre collect\u00e9s.<\/p>\r\n<p><strong>Formulaire de contact<br \/><\/strong>Lorsque vous nous envoyez des demandes via le formulaire de contact, vos informations du formulaire de demande, y compris les coordonn\u00e9es que vous y avez fournies, sont stock\u00e9es chez nous dans le but de traiter la demande et pour d\u2019\u00e9ventuelles questions de suivi. Nous ne transmettons pas ces donn\u00e9es sans votre consentement. <br \/>Le traitement de ces donn\u00e9es est bas\u00e9 sur l\u2019art. 6, paragraphe 1, lettre b du RGPD, dans la mesure o\u00f9 votre demande est li\u00e9e \u00e0 l\u2019ex\u00e9cution d\u2019un contrat ou \u00e0 la mise en \u0153uvre de mesures pr\u00e9contractuelles. Dans tous les autres cas, le traitement est bas\u00e9 sur notre int\u00e9r\u00eat l\u00e9gitime \u00e0 traiter efficacement les demandes qui nous sont adress\u00e9es (art. 6, paragraphe 1, lettre f du RGPD) ou sur votre consentement (art. 6, paragraphe 1, lettre a du RGPD), s\u2019il a \u00e9t\u00e9 demand\u00e9. Les donn\u00e9es que vous saisissez dans le formulaire de contact restent chez nous jusqu\u2019\u00e0 ce que vous nous demandiez de les supprimer, que vous r\u00e9voquiez votre consentement au stockage ou que le but du stockage des donn\u00e9es soit annul\u00e9 (par exemple, apr\u00e8s le traitement de votre demande). Les dispositions l\u00e9gales contraignantes \u2013 en particulier les d\u00e9lais de conservation l\u00e9gaux \u2013 ne sont pas affect\u00e9es.<\/p>\r\n<p><strong>Demande par courriel, t\u00e9l\u00e9phone ou t\u00e9l\u00e9copieur<br \/><\/strong>Lorsque vous nous contactez par courriel, t\u00e9l\u00e9phone ou t\u00e9l\u00e9copieur, votre demande, y compris toutes les donn\u00e9es personnelles qui en d\u00e9coulent (nom, demande), est stock\u00e9e et trait\u00e9e par nous dans le but de traiter votre demande. Nous ne transmettons pas ces donn\u00e9es sans votre consentement. <br \/>Le traitement de ces donn\u00e9es est bas\u00e9 sur l\u2019art. 6, paragraphe 1, lettre b du RGPD, dans la mesure o\u00f9 votre demande est li\u00e9e \u00e0 l\u2019ex\u00e9cution d\u2019un contrat ou \u00e0 la mise en \u0153uvre de mesures pr\u00e9contractuelles. Dans tous les autres cas, le traitement est bas\u00e9 sur notre int\u00e9r\u00eat l\u00e9gitime \u00e0 traiter efficacement les demandes qui nous sont adress\u00e9es (art. 6, paragraphe 1, lettre f du RGPD) ou sur votre consentement (art. 6, paragraphe 1, lettre a du RGPD), s\u2019il a \u00e9t\u00e9 demand\u00e9. Les donn\u00e9es que vous nous envoyez via des demandes de contact restent chez nous jusqu\u2019\u00e0 ce que vous nous demandiez de les supprimer, que vous r\u00e9voquiez votre consentement au stockage ou que le but du stockage des donn\u00e9es soit annul\u00e9 (par exemple, apr\u00e8s le traitement de votre demande). Les dispositions l\u00e9gales contraignantes \u2013 en particulier les d\u00e9lais de conservation l\u00e9gaux \u2013 ne sont pas affect\u00e9es.<\/p>\r\n<h3><strong>5. Bulletin d\u2019information<\/strong><\/h3>\r\n<p><strong>Donn\u00e9es du bulletin d\u2019information<br \/><\/strong>Si vous souhaitez recevoir le bulletin d\u2019information propos\u00e9 sur le site Web, nous avons besoin de votre adresse \u00e9lectronique ainsi que d\u2019informations nous permettant de v\u00e9rifier que vous \u00eates le propri\u00e9taire de l\u2019adresse \u00e9lectronique fournie et que vous consentez \u00e0 recevoir le bulletin d\u2019information. Aucune autre donn\u00e9e n\u2019est collect\u00e9e, sauf sur une base volontaire. Nous utilisons ces donn\u00e9es exclusivement pour l\u2019envoi des informations demand\u00e9es et ne les transmettons pas \u00e0 des tiers. <br \/>Le traitement des donn\u00e9es saisies dans le formulaire d\u2019inscription au bulletin d\u2019information est bas\u00e9 exclusivement sur votre consentement (art. 6, paragraphe 1, lettre a du RGPD). Vous pouvez r\u00e9voquer \u00e0 tout moment le consentement donn\u00e9 pour le stockage des donn\u00e9es, de l\u2019adresse \u00e9lectronique et de leur utilisation pour l\u2019envoi du bulletin d\u2019information, par exemple en utilisant le lien \u00ab Se d\u00e9sabonner \u00bb dans le bulletin d\u2019information. La l\u00e9galit\u00e9 des traitements de donn\u00e9es d\u00e9j\u00e0 effectu\u00e9s n\u2019est pas affect\u00e9e par la r\u00e9vocation. <br \/>Les donn\u00e9es que vous avez fournies \u00e0 des fins d\u2019abonnement \u00e0 notre bulletin d\u2019information seront stock\u00e9es par nous jusqu\u2019\u00e0 ce que vous vous d\u00e9sabonniez de notre bulletin d\u2019information ou que le fournisseur de services de bulletin d\u2019information se d\u00e9sabonne. Apr\u00e8s vous \u00eatre d\u00e9sabonn\u00e9 du bulletin d\u2019information, votre adresse \u00e9lectronique sera \u00e9ventuellement stock\u00e9e dans une liste noire par nous ou par le fournisseur de services de bulletin d\u2019information afin d\u2019emp\u00eacher toute communication future. Les donn\u00e9es de la liste noire ne seront utilis\u00e9es que pour cette fin et ne seront pas fusionn\u00e9es avec d\u2019autres donn\u00e9es. Cela sert \u00e0 la fois \u00e0 prot\u00e9ger vos int\u00e9r\u00eats et les n\u00f4tres dans le respect des exigences l\u00e9gales en mati\u00e8re d\u2019envoi de bulletins d\u2019information (int\u00e9r\u00eat l\u00e9gitime au sens de l\u2019article 6, paragraphe 1, lettre f du RGPD). Le stockage dans la liste noire n\u2019est pas limit\u00e9 dans le temps. Vous pouvez vous opposer \u00e0 ce stockage si vos int\u00e9r\u00eats l\u2019emportent sur notre int\u00e9r\u00eat l\u00e9gitime.<\/p>\r\n<h3><strong>6. Extensions et outils<\/strong><\/h3>\r\n<p><strong>Google Analytics et Google Tag Manager<br \/><\/strong>Nous utilisons Google Analytics et Google Tag Manager pour effectuer des analyses du comportement des visiteurs. Les adresses IP sont stock\u00e9es de mani\u00e8re anonyme.<\/p>\r\n<p><strong>Mailchimp<br \/><\/strong>Nous utilisons Mailchimp pour l\u2019envoi de nos newsletters. Pour plus d\u2019informations \u00e0 ce sujet, veuillez consulter le chapitre 5 (Bulletin d\u2019information) de ce document.<\/p>\r\n<p><strong>Moodle<\/strong><br \/>Notre plate-forme d&rsquo;apprentissage en ligne est bas\u00e9e sur le syst\u00e8me de gestion de cours Moodle. Toutes les donn\u00e9es qui y sont saisies sont enregistr\u00e9es sur les serveurs de Moodle Pty Ltd. Vous trouverez plus d&rsquo;informations sur la politique de confidentialit\u00e9 de Moodle ici : <a href=\"https:\/\/moodle.com\/privacy-notice\" target=\"_blank\" rel=\"noopener\">https:\/\/moodle.com\/privacy-notice<\/a><\/p>\r\n<p><strong>Timeline<\/strong><br \/>Notre plateforme d&rsquo;apprentissage est bas\u00e9e sur le syst\u00e8me de gestion d&rsquo;\u00e9v\u00e9nements timeline.click. Toutes les donn\u00e9es qui y sont saisies sont enregistr\u00e9es sur les serveurs de Timeline International. Vous trouverez ici de plus amples informations sur les dispositions de protection des donn\u00e9es de Timeline : <a href=\"https:\/\/go.timeline.click\/privacy\" target=\"_blank\" rel=\"noopener\">https:\/\/go.timeline.click\/privacy<\/a><\/p>\r\n<p>Source\u00a0: <a href=\"https:\/\/e-recht24.de\/\">e-recht24.de<\/a> \/ adapt\u00e9 par KUNZ GROUP<\/p>\r\n<h3><\/h3>","protected":false},"excerpt":{"rendered":"<p>Mentions l\u00e9gales fo education gmbhT\u00e4gerhardring 85436 W\u00fcrenlos 056 500 20 72info@fo-education.ch &nbsp; Protection des donn\u00e9es 1. Protection des donn\u00e9es en un coup d\u2019\u0153il Informations g\u00e9n\u00e9ralesLes informations suivantes donnent un aper\u00e7u simple de ce qui se passe avec vos donn\u00e9es personnelles lorsque vous visitez ce site Web. Les donn\u00e9es personnelles sont toutes les donn\u00e9es avec lesquelles [&hellip;]<\/p>\n","protected":false},"author":2,"featured_media":0,"parent":0,"menu_order":0,"comment_status":"closed","ping_status":"closed","template":"page-templates\/content.php","meta":{"_acf_changed":false,"footnotes":""},"class_list":["post-612","page","type-page","status-publish","hentry"],"acf":[],"_links":{"self":[{"href":"https:\/\/fo-education.ch\/fr\/wp-json\/wp\/v2\/pages\/612","targetHints":{"allow":["GET"]}}],"collection":[{"href":"https:\/\/fo-education.ch\/fr\/wp-json\/wp\/v2\/pages"}],"about":[{"href":"https:\/\/fo-education.ch\/fr\/wp-json\/wp\/v2\/types\/page"}],"author":[{"embeddable":true,"href":"https:\/\/fo-education.ch\/fr\/wp-json\/wp\/v2\/users\/2"}],"replies":[{"embeddable":true,"href":"https:\/\/fo-education.ch\/fr\/wp-json\/wp\/v2\/comments?post=612"}],"version-history":[{"count":19,"href":"https:\/\/fo-education.ch\/fr\/wp-json\/wp\/v2\/pages\/612\/revisions"}],"predecessor-version":[{"id":1243,"href":"https:\/\/fo-education.ch\/fr\/wp-json\/wp\/v2\/pages\/612\/revisions\/1243"}],"wp:attachment":[{"href":"https:\/\/fo-education.ch\/fr\/wp-json\/wp\/v2\/media?parent=612"}],"curies":[{"name":"wp","href":"https:\/\/api.w.org\/{rel}","templated":true}]}}